{"id":209,"date":"2021-11-25T13:09:18","date_gmt":"2021-11-25T12:09:18","guid":{"rendered":"http:\/\/parafiakonwikt.pl\/?page_id=209"},"modified":"2021-11-25T13:48:44","modified_gmt":"2021-11-25T12:48:44","slug":"kaplanstwo","status":"publish","type":"page","link":"http:\/\/parafiakonwikt.pl\/?page_id=209","title":{"rendered":"Kap\u0142a\u0144stwo"},"content":{"rendered":"\n<p>Kim powinien by\u0107 kap\u0142an w naszych czasach? M\u00f3wc\u0105, spo\u0142ecznikiem, kumplem, psychoterapeut\u0105, naukowcem, a mo\u017ce budowniczym , politykiem, nauczycielem, misjonarzem?<\/p>\n\n\n\n<p>Te pytania by\u0142y i s\u0105 aktualne dzisiaj.<\/p>\n\n\n\n<p>Zapraszamy na msze \u015bwi\u0119te o powo\u0142ania kap\u0142a\u0144skie i zakonne w ka\u017cdy <strong>pierwszy czwartek miesi\u0105ca o godz. 18:00<\/strong><\/p>\n\n\n\n<p>Kap\u0142anem mo\u017ce by\u0107, zgodnie z wol\u0105 Chrystusa i tradycj\u0105 Ko\u015bcio\u0142a, tylko m\u0119\u017cczyzna; w sakramencie \u015bwi\u0119ce\u0144 kap\u0142a\u0144skich dokonuje si\u0119 jego zjednoczenie z Chrystusem Kap\u0142anem, tak \u017ce przyj\u0119te kap\u0142a\u0144stwo staje si\u0119 szczeg\u00f3lnym uczestnictwem oraz kontynuacj\u0105 kap\u0142a\u0144stwa Chrystusa, najwy\u017cszego i jedynego Kap\u0142ana, a osoba kap\u0142ana staje si\u0119 znakiem, obrazem i narz\u0119dziem Chrystusa Kap\u0142ana, G\u0142owy, Pasterza i Oblubie\u0144ca Ko\u015bcio\u0142a; dlatego w Ko\u015bciele rzymskokatolickim zobowi\u0105zany jest on do \u017cycia w celibacie, podj\u0119tego dla Kr\u00f3lestwa <strong>(Mt 19,12; \u0141k 18,29)<\/strong>.<br><br>Stanowisko Ko\u015bcio\u0142a rzymskokatolickiego w sprawie mo\u017cliwo\u015bci przyjmowania sakramentu \u015bwi\u0119ce\u0144 kap\u0142a\u0144skich przez kobiety jest jednoznacznie negatywne. Kodeks Prawa Kanonicznego jednoznacznie stwierdza, \u017ce \u015bwi\u0119cenia wa\u017cnie mog\u0105 otrzyma\u0107 ochrzczeni m\u0119\u017cczy\u017ani, natomiast kobiety niezdolne s\u0105 do kap\u0142a\u0144stwa z prawa Bo\u017cego; niemo\u017cno\u015b\u0107 udzielania sakramentu \u015bwi\u0119ce\u0144 kap\u0142a\u0144skich kobietom z powodu \u201eca\u0142kowicie wolnej i suwerennej decyzji Jezusa Chrystusa, kt\u00f3ry na swych aposto\u0142\u00f3w powo\u0142a\u0142 samych m\u0119\u017cczyzn\u201d. Papie\u017c stwierdza, \u017ce zwi\u0105zana ze \u015bwieceniami kap\u0142a\u0144skimi misja nauczania, u\u015bwi\u0119cania i kierowania wsp\u00f3lnot\u0105 zosta\u0142a przez Chrystusa powierzona aposto\u0142om i od pocz\u0105tku zastrze\u017cona wy\u0142\u0105cznie dla m\u0119\u017cczyzn. Nawet Maryja \u201enie otrzyma\u0142a misji w\u0142a\u015bciwej aposto\u0142om ani kap\u0142a\u0144stwa urz\u0119dowego\u201d, co nie umniejsza jej godno\u015bci, ale odpowiada zamys\u0142owi Bo\u017cemu; st\u0105d te\u017c Ko\u015bci\u00f3\u0142 nie ma w\u0142adzy udzielania sakramentu \u015bwi\u0119ce\u0144 kap\u0142a\u0144skich kobietom, a jego stanowisko ma charakter wi\u0105\u017c\u0105cy i ostateczny.<\/p>\n","protected":false},"excerpt":{"rendered":"<p>Kim powinien by\u0107 kap\u0142an w naszych czasach? M\u00f3wc\u0105, spo\u0142ecznikiem, kumplem, psychoterapeut\u0105, naukowcem, a mo\u017ce budowniczym , politykiem, nauczycielem, misjonarzem? Te pytania by\u0142y i s\u0105 aktualne dzisiaj. Zapraszamy na msze \u015bwi\u0119te o powo\u0142ania kap\u0142a\u0144skie i zakonne w ka\u017cdy pierwszy czwartek miesi\u0105ca o godz. 18:00 Kap\u0142anem mo\u017ce [&hellip;]<\/p>\n","protected":false},"author":1,"featured_media":0,"parent":0,"menu_order":0,"comment_status":"closed","ping_status":"closed","template":"","meta":{"footnotes":""},"class_list":["post-209","page","type-page","status-publish","hentry"],"_links":{"self":[{"href":"http:\/\/parafiakonwikt.pl\/index.php?rest_route=\/wp\/v2\/pages\/209","targetHints":{"allow":["GET"]}}],"collection":[{"href":"http:\/\/parafiakonwikt.pl\/index.php?rest_route=\/wp\/v2\/pages"}],"about":[{"href":"http:\/\/parafiakonwikt.pl\/index.php?rest_route=\/wp\/v2\/types\/page"}],"author":[{"embeddable":true,"href":"http:\/\/parafiakonwikt.pl\/index.php?rest_route=\/wp\/v2\/users\/1"}],"replies":[{"embeddable":true,"href":"http:\/\/parafiakonwikt.pl\/index.php?rest_route=%2Fwp%2Fv2%2Fcomments&post=209"}],"version-history":[{"count":2,"href":"http:\/\/parafiakonwikt.pl\/index.php?rest_route=\/wp\/v2\/pages\/209\/revisions"}],"predecessor-version":[{"id":263,"href":"http:\/\/parafiakonwikt.pl\/index.php?rest_route=\/wp\/v2\/pages\/209\/revisions\/263"}],"wp:attachment":[{"href":"http:\/\/parafiakonwikt.pl\/index.php?rest_route=%2Fwp%2Fv2%2Fmedia&parent=209"}],"curies":[{"name":"wp","href":"https:\/\/api.w.org\/{rel}","templated":true}]}}