{"id":207,"date":"2021-11-25T13:09:18","date_gmt":"2021-11-25T12:09:18","guid":{"rendered":"http:\/\/parafiakonwikt.pl\/?page_id=207"},"modified":"2021-11-25T13:13:24","modified_gmt":"2021-11-25T12:13:24","slug":"namaszczenie-chorych","status":"publish","type":"page","link":"http:\/\/parafiakonwikt.pl\/?page_id=207","title":{"rendered":"Namaszczenie chorych"},"content":{"rendered":"\n<p><strong>Komu nale\u017cy udziela\u0107 namaszczenia chorych?<\/strong><\/p>\n\n\n\n<ol class=\"wp-block-list\" type=\"1\"><li>1.&nbsp;&nbsp;&nbsp;&nbsp; Chorym przed operacj\u0105, kt\u00f3rej przyczyn\u0105 jest niebezpieczna choroba.<\/li><li>2.&nbsp;&nbsp;&nbsp;&nbsp; . Osobom w podesz\u0142ym wieku, kt\u00f3rych si\u0142y opuszczaj\u0105; nawet wtedy, gdy nie zagra\u017ca im niebezpieczna choroba.<\/li><li>3.&nbsp;&nbsp;&nbsp;&nbsp; &nbsp;Dzieciom, je\u017celi osi\u0105gn\u0119\u0142y taki poziom umys\u0142owy, \u017ce ten sakrament mo\u017ce przynie\u015b\u0107 im pokrzepienie.<\/li><li>4.&nbsp;&nbsp;&nbsp;&nbsp; &nbsp;Chorym, kt\u00f3rzy utracili przytomno\u015b\u0107 lub u\u017cywanie rozumu, je\u017celi istnieje prawdopodobie\u0144stwo, \u017ce jako wierz\u0105cy prosiliby o to, gdyby byli przytomni. Sakrament ten mo\u017cna powtarza\u0107, je\u015bli chory po przyj\u0119ciu namaszczenia wyzdrowia\u0142 i ponownie zachorowa\u0142 lub je\u015bli nast\u0105pi\u0142o powa\u017cne pogorszenie.<br>Je\u017celi istnieje w\u0105tpliwo\u015b\u0107, czy chory jeszcze \u017cyje, nale\u017cy udzieli\u0107 tego sakramentu warunkowo.<\/li><\/ol>\n\n\n\n<p>Namaszczenia chorych nie wolno udziela\u0107 tym, kt\u00f3rzy uparcie trwaj\u0105 w jawnym grzechu ci\u0119\u017ckim. Nie udziela sie go osobom zmar\u0142ym<\/p>\n\n\n\n<p><strong>Warunki udzielania<\/strong><\/p>\n\n\n\n<p>Przyjmowany jest w ka\u017cdej powa\u017cnej chorobie, lub przy jej nawrocie, przed operacj\u0105, przez osoby chore lub w podesz\u0142ym wieku (jeden raz do roku) oraz w czas konania; w ko\u015bciele og\u00f3\u0142owi jest udzielany podczas Mszy \u015bw. &#8211; w naszej parafii &#8211;&nbsp; podczas rekolekcji parafialnych<\/p>\n\n\n\n<p><strong>Wezwania do chorych<\/strong><\/p>\n\n\n\n<p>Chorych i\u00a0starszych naszych parafian odwiedzamy z pos\u0142ug\u0105 sakramentaln\u0105 w ka\u017cd\u0105 pierwsz\u0105 sobot\u0119 miesi\u0105ca od godz. 8.30. Wtedy udzielamy tez ch\u0119tnym namaszczenia chorych. Pos\u0142uga wobec chorych udzielana jest tez na ka\u017cde uzasadnione wezwanie (osobiste lub telefoniczne). Przy wezwaniu kap\u0142ana, osoba zg\u0142aszaj\u0105ca chorego, podaje, jaki jest jego stan zdrowia, tzn. czy przyjmie on Komuni\u0119 \u015awi\u0119t\u0105 (czy jest przytomny), czy te\u017c przyjmie tylko namaszczenie \u015awi\u0119tym Olejem,<\/p>\n\n\n\n<p><strong>Wskazania<\/strong><\/p>\n\n\n\n<p>Przygotowane s\u0105: st\u00f3\u0142 nakryty obrusem, na nim krzy\u017c, zapalona \u015bwieca, szklanka z pitn\u0105 wod\u0105 i \u0142y\u017ceczka (je\u017celi jest przyjmowana Komunia \u015awieta), kawa\u0142ek waty (je\u015bli jest udzielany sakrament namaszczenia chorych). Domownicy chorego uczestnicz\u0105 w liturgii sakramentu<\/p>\n","protected":false},"excerpt":{"rendered":"<p>Komu nale\u017cy udziela\u0107 namaszczenia chorych? 1.&nbsp;&nbsp;&nbsp;&nbsp; Chorym przed operacj\u0105, kt\u00f3rej przyczyn\u0105 jest niebezpieczna choroba. 2.&nbsp;&nbsp;&nbsp;&nbsp; . Osobom w podesz\u0142ym wieku, kt\u00f3rych si\u0142y opuszczaj\u0105; nawet wtedy, gdy nie zagra\u017ca im niebezpieczna choroba. 3.&nbsp;&nbsp;&nbsp;&nbsp; &nbsp;Dzieciom, je\u017celi osi\u0105gn\u0119\u0142y taki poziom umys\u0142owy, \u017ce ten sakrament mo\u017ce przynie\u015b\u0107 im pokrzepienie. [&hellip;]<\/p>\n","protected":false},"author":1,"featured_media":0,"parent":0,"menu_order":0,"comment_status":"closed","ping_status":"closed","template":"","meta":{"footnotes":""},"class_list":["post-207","page","type-page","status-publish","hentry"],"_links":{"self":[{"href":"http:\/\/parafiakonwikt.pl\/index.php?rest_route=\/wp\/v2\/pages\/207","targetHints":{"allow":["GET"]}}],"collection":[{"href":"http:\/\/parafiakonwikt.pl\/index.php?rest_route=\/wp\/v2\/pages"}],"about":[{"href":"http:\/\/parafiakonwikt.pl\/index.php?rest_route=\/wp\/v2\/types\/page"}],"author":[{"embeddable":true,"href":"http:\/\/parafiakonwikt.pl\/index.php?rest_route=\/wp\/v2\/users\/1"}],"replies":[{"embeddable":true,"href":"http:\/\/parafiakonwikt.pl\/index.php?rest_route=%2Fwp%2Fv2%2Fcomments&post=207"}],"version-history":[{"count":4,"href":"http:\/\/parafiakonwikt.pl\/index.php?rest_route=\/wp\/v2\/pages\/207\/revisions"}],"predecessor-version":[{"id":235,"href":"http:\/\/parafiakonwikt.pl\/index.php?rest_route=\/wp\/v2\/pages\/207\/revisions\/235"}],"wp:attachment":[{"href":"http:\/\/parafiakonwikt.pl\/index.php?rest_route=%2Fwp%2Fv2%2Fmedia&parent=207"}],"curies":[{"name":"wp","href":"https:\/\/api.w.org\/{rel}","templated":true}]}}