{"id":203,"date":"2021-11-25T13:09:18","date_gmt":"2021-11-25T12:09:18","guid":{"rendered":"http:\/\/parafiakonwikt.pl\/?page_id=203"},"modified":"2021-11-25T14:35:16","modified_gmt":"2021-11-25T13:35:16","slug":"chrzest","status":"publish","type":"page","link":"http:\/\/parafiakonwikt.pl\/?page_id=203","title":{"rendered":"Chrzest"},"content":{"rendered":"\n<figure class=\"wp-block-image size-full\"><img fetchpriority=\"high\" decoding=\"async\" width=\"960\" height=\"640\" src=\"http:\/\/parafiakonwikt.pl\/wp-content\/uploads\/2021\/11\/chrzest.jpg\" alt=\"\" class=\"wp-image-283\" srcset=\"http:\/\/parafiakonwikt.pl\/wp-content\/uploads\/2021\/11\/chrzest.jpg 960w, http:\/\/parafiakonwikt.pl\/wp-content\/uploads\/2021\/11\/chrzest-300x200.jpg 300w, http:\/\/parafiakonwikt.pl\/wp-content\/uploads\/2021\/11\/chrzest-768x512.jpg 768w\" sizes=\"(max-width: 960px) 100vw, 960px\" \/><\/figure>\n\n\n\n<p>Poza wyj\u0105tkowymi wypadkami, <strong>chrztu udziela si\u0119<\/strong> w parafii miejsca zamieszkania rodzic\u00f3w i dziecka. Chrzest jest udzielany w niedziel\u0119, to jest w dniu, w kt\u00f3rym Ko\u015bci\u00f3\u0142 wspomina i prze\u017cywa Zmartwychwstanie Chrystusa Pana. Udziela si\u0119 w go spos\u00f3b uroczysty, we wsp\u00f3lnocie nowoochrzczonych, podczas Eucharystii. Tylko w wyj\u0105tkowych sytuacjach (np. choroba dziecka), udziela si\u0119 tego sakramentu poza Eucharysti\u0105.<\/p>\n\n\n\n<p>Je\u015bli istnieje <strong>niebezpiecze\u0144stwo \u015bmierci<\/strong>, nale\u017cy dziecko bezzw\u0142ocznie ochrzci\u0107 przy pomocy skr\u00f3conego obrz\u0119du. Mo\u017ce tego dokona\u0107 osoba ochrzczona, a nawet nie ochrzczona, pod warunkiem, \u017ce ma intencj\u0119 uczynienia, tego, co czyni Ko\u015bci\u00f3\u0142. Dokonuje ona tego, przez polanie dziecka wod\u0105, wymawiaj\u0105c formu\u0142\u0119 chrztu &#8220;N. N., ja ciebie chrzcz\u0119 w imi\u0119 Ojca i Syna, i Ducha \u015awi\u0119tego&#8221;. Gdy dziecko wyzdrowieje nale\u017cy przyprowadzi\u0107 je do \u015bwi\u0105tyni, by przedstawi\u0107 je Ko\u015bcio\u0142owi w specjalnym obrz\u0119dzie liturgicznym.<\/p>\n\n\n\n<p><strong>PRZYGOTOWANIE&nbsp; RODZIC\u00d3W&nbsp; PRZED&nbsp; CHRZTEM&nbsp; DZIECKA<\/strong><\/p>\n\n\n\n<p>Chrzest dziecka zak\u0142ada \u017cyw\u0105 wiar\u0119 rodzic\u00f3w dziecka, przynajmniej jednego z nich.<\/p>\n\n\n\n<p><strong>Prosz\u0105 o chrzest <\/strong>wsp\u00f3lnot\u0119 Ko\u015bcio\u0142a:<br>&#8211; rodzice dziecka &#8211; je\u017celi s\u0105 wierz\u0105cy, tzn. praktykuj\u0105cy (przynajmniej jedno z nich), \u017cyj\u0105cy w zwi\u0105zku sakramentalnym oraz pragn\u0105cy wychowa\u0107 dziecko po chrze\u015bcija\u0144sku;<br>&#8211; rodzice dziecka, pozostaj\u0105cy w zwi\u0105zku niesakramentalnym, ale z przeszkod\u0105 kanoniczn\u0105 do \u015blubu ko\u015bcielnego &#8211; je\u017celi s\u0105 wierz\u0105cy (tzn. praktykuj\u0105cy), oraz pragn\u0105 wychowa\u0107 dziecko po chrze\u015bcija\u0144sku;<br>&#8211; osoby samotnie wychowuj\u0105ce dziecko &#8211; je\u017celi s\u0105 wierz\u0105ce (tzn. praktykuj\u0105ce) i pragn\u0105 wychowa\u0107 dziecko po chrze\u015bcija\u0144sku;<\/p>\n\n\n\n<p>&#8211; w pozosta\u0142ych sytuacjach proponuje si\u0119 od\u0142o\u017cenie chrztu dziecka na okres p\u00f3\u017aniejszy, gdy zaistniej\u0105 warunki rozwoju jego wiary lub ono samo podejmie decyzj\u0119 przyj\u0119cia chrztu<\/p>\n\n\n\n<p>Zg\u0142aszaj\u0105 dziecko do chrztu (w kancelarii) rodzice (osobi\u015bcie &#8211; jedno z nich) najp\u00f3\u017aniej na dwa tygodnie przed terminem udzielania. Okazuj\u0105 w kancelarii dokument urodzenia dziecka z Urz\u0119du Stanu Cywilnego oraz je\u017celi, przyj\u0119li sakrament ma\u0142\u017ce\u0144stwa poza nasz\u0105 parafi\u0105, dokument \u015blubu ko\u015bcielnego (np. konkordatowego); podaj\u0105 dane personalne rodzic\u00f3w chrzestnych (w tym, dat\u0119 ich urodzenia i dok\u0142adny adres zamieszkania).<\/p>\n\n\n\n<p>Je\u017celi dziecko jest zamieszka\u0142e w innej parafii &#8211; dostarczaj\u0105 oni stosown\u0105 zgod\u0119 przeniesienia chrztu z parafii zamieszkania dziecka. Podobn\u0105 zgod\u0119 uzyskuj\u0105 w naszej parafii &#8211; je\u017celi dziecko jest zamieszka\u0142e w naszej parafii, a rodzice pragn\u0105 je ochrzci\u0107 w innej.<strong> Kupuj\u0105 szat\u0119 dla dziecka i \u015bwiec\u0119<\/strong>. \u015awieca powinna towarzyszy\u0107 dziecku przez ca\u0142e \u017cycie, m. in. przy pierwszej Komunii \u015awi\u0119tej.<strong> Przed chrztem rodzice uczestnicz\u0105 w katechezie<\/strong>, a w<strong> dniu chrztu<\/strong><strong> <\/strong>rodzice dziecka (o ile nie s\u0105 kanonicznie przeszkodzeni) przyst\u0119puj\u0105 do Komunii \u015bwi\u0119tej. Ofiaruj\u0105 Komuni\u0119 \u015aw. w intencji dziecka.<\/p>\n\n\n\n<p><strong>Chrzest dzieci jest udzielany <\/strong>w ka\u017cd\u0105 2 i 4. niedziel\u0119 miesi\u0105ca, podczas Mszy \u015bw. sprawowanej o godz. 16:00, z wyj\u0105tkiem &#8211; w lipcu i sierpniu o godz. 10.30<\/p>\n\n\n\n<p>Katecheza dla rodzic\u00f3w i chrzestnych<strong> <\/strong>odbywa si\u0119 w sobot\u0119 poprzedzaj\u0105c\u0105 chrzest o godz. 18.45<\/p>\n\n\n\n<p><strong>RODZICE&nbsp; CHRZESTNI<\/strong><\/p>\n\n\n\n<p><strong>Godno\u015b\u0107 t\u0119 mog\u0105 pe\u0142ni\u0107:<\/strong><br>&#8211; osoby wierz\u0105ce (tzn. praktykuj\u0105ce), po 16 roku \u017cycia, bierzmowane, ma\u0142\u017conkowie \u017cyj\u0105cy w zwi\u0105zku sakramentalnym;<br>&#8211; osoby po rozwodzie (ale, nie \u017cyj\u0105ce w drugim zwi\u0105zku), je\u017celi s\u0105 wierz\u0105ce (tzn. praktykuj\u0105ce), po 16 roku \u017cycia, bierzmowane;<br>&#8211; osoby samotne, je\u017celi s\u0105 wierz\u0105ce (tzn. praktykuj\u0105ce), po 16 roku \u017cycia, bierzmowane, osoby ucz\u0105ce si\u0119 &#8211; je\u017celi ucz\u0119szczaj\u0105 na lekcje religii<br>&#8211; osoba ochrzczona, nale\u017c\u0105ca do niekatolickiej wsp\u00f3lnoty ko\u015bcielnej, mo\u017ce by\u0107 dopuszczona tylko razem z chrzestnym katolikiem i to jedynie jako \u015bwiadek chrztu<\/p>\n\n\n\n<p><strong>Chrzestni <\/strong>spoza naszej parafii, <strong>dostarczaj\u0105 za\u015bwiadczenie <\/strong>(opini\u0119) proboszcza parafii, w kt\u00f3rej zamieszkuj\u0105, \u017ce s\u0105 dopuszczeni do tej godno\u015bci; dostarczaj\u0105 j\u0105 najp\u00f3\u017aniej na katechezie przedchrzcielnej<\/p>\n\n\n\n<p><strong>B\u0141OGOS\u0141AWIE\u0143STWO&nbsp; W ROCZNIC\u0118&nbsp; CHRZTU&nbsp; (&#8220;ROCZKI&#8221;)<\/strong><\/p>\n\n\n\n<p>Jest ono udzielane w ka\u017cd\u0105 2 i 4. niedziel\u0119 miesi\u0105ca, podczas Mszy \u015bw. sprawowanej o godz. 16.00, z wyj\u0105tkiem &#8211; w lipcu i sierpniu o godz. 10:30 Z tej okazji, rodzice dziecka w kancelarii,&nbsp; najp\u00f3\u017aniej tydzie\u0144 wcze\u015bniej, zamawiaj\u0105 intencj\u0119 Mszy \u015bw. i prosz\u0105 o udzielenie b\u0142ogos\u0142awie\u0144stwa. Podczas Mszy \u015bwi\u0119tej przyst\u0119puj\u0105 do Komunii \u015bwi\u0119tej i ofiaruj\u0105 J\u0105 w intencji dziecka. Posiadaj\u0105 \u015bwiec\u0119 chrzcieln\u0105. Na&nbsp; tej Mszy \u015bwi\u0119tej, je\u017celi jest to mo\u017cliwe, s\u0105 r\u00f3wnie\u017c obecni rodzice chrzestni. R\u00f3wnie\u017c oni przyst\u0119puj\u0105 do Komunii \u015awi\u0119tej i ofiaruj\u0105 J\u0105 w intencji dziecka.<\/p>\n","protected":false},"excerpt":{"rendered":"<p>Poza wyj\u0105tkowymi wypadkami, chrztu udziela si\u0119 w parafii miejsca zamieszkania rodzic\u00f3w i dziecka. Chrzest jest udzielany w niedziel\u0119, to jest w dniu, w kt\u00f3rym Ko\u015bci\u00f3\u0142 wspomina i prze\u017cywa Zmartwychwstanie Chrystusa Pana. Udziela si\u0119 w go spos\u00f3b uroczysty, we wsp\u00f3lnocie nowoochrzczonych, podczas Eucharystii. Tylko w wyj\u0105tkowych [&hellip;]<\/p>\n","protected":false},"author":1,"featured_media":0,"parent":0,"menu_order":0,"comment_status":"closed","ping_status":"closed","template":"","meta":{"footnotes":""},"class_list":["post-203","page","type-page","status-publish","hentry"],"_links":{"self":[{"href":"http:\/\/parafiakonwikt.pl\/index.php?rest_route=\/wp\/v2\/pages\/203","targetHints":{"allow":["GET"]}}],"collection":[{"href":"http:\/\/parafiakonwikt.pl\/index.php?rest_route=\/wp\/v2\/pages"}],"about":[{"href":"http:\/\/parafiakonwikt.pl\/index.php?rest_route=\/wp\/v2\/types\/page"}],"author":[{"embeddable":true,"href":"http:\/\/parafiakonwikt.pl\/index.php?rest_route=\/wp\/v2\/users\/1"}],"replies":[{"embeddable":true,"href":"http:\/\/parafiakonwikt.pl\/index.php?rest_route=%2Fwp%2Fv2%2Fcomments&post=203"}],"version-history":[{"count":4,"href":"http:\/\/parafiakonwikt.pl\/index.php?rest_route=\/wp\/v2\/pages\/203\/revisions"}],"predecessor-version":[{"id":284,"href":"http:\/\/parafiakonwikt.pl\/index.php?rest_route=\/wp\/v2\/pages\/203\/revisions\/284"}],"wp:attachment":[{"href":"http:\/\/parafiakonwikt.pl\/index.php?rest_route=%2Fwp%2Fv2%2Fmedia&parent=203"}],"curies":[{"name":"wp","href":"https:\/\/api.w.org\/{rel}","templated":true}]}}