{"id":1940,"date":"2024-08-14T23:00:38","date_gmt":"2024-08-14T21:00:38","guid":{"rendered":"http:\/\/parafiakonwikt.pl\/?page_id=1940"},"modified":"2024-08-15T00:39:24","modified_gmt":"2024-08-14T22:39:24","slug":"dokumenty","status":"publish","type":"page","link":"http:\/\/parafiakonwikt.pl\/?page_id=1940","title":{"rendered":"Dokumenty"},"content":{"rendered":"\n<div class=\"wp-block-file\"><a id=\"wp-block-file--media-4452d18d-f57b-45dc-afa6-77a02eeba390\" href=\"http:\/\/parafiakonwikt.pl\/wp-content\/uploads\/2024\/08\/Stadardy-Ochrony-Dzieci-w-Parafii-Matki-Bozej-Krolowej-Pokoju-w-Tarnowskich-Gorach-2.docx\">Stadardy Ochrony Dzieci w Parafii Matki Bo\u017cej Kr\u00f3lowej Pokoju w Tarnowskich G\u00f3rach<\/a><a href=\"http:\/\/parafiakonwikt.pl\/wp-content\/uploads\/2024\/08\/Stadardy-Ochrony-Dzieci-w-Parafii-Matki-Bozej-Krolowej-Pokoju-w-Tarnowskich-Gorach-2.docx\" class=\"wp-block-file__button wp-element-button\" download aria-describedby=\"wp-block-file--media-4452d18d-f57b-45dc-afa6-77a02eeba390\">Pobierz<\/a><\/div>\n\n\n\n<div class=\"wp-block-file\"><a id=\"wp-block-file--media-4f5603a9-37fe-4710-aa68-9c5f0f23728d\" href=\"http:\/\/parafiakonwikt.pl\/wp-content\/uploads\/2024\/08\/KODEKS-ZACHOWAN-2.docx\">KODEKS ZACHOWA\u0143<\/a><a href=\"http:\/\/parafiakonwikt.pl\/wp-content\/uploads\/2024\/08\/KODEKS-ZACHOWAN-2.docx\" class=\"wp-block-file__button wp-element-button\" download aria-describedby=\"wp-block-file--media-4f5603a9-37fe-4710-aa68-9c5f0f23728d\">Pobierz<\/a><\/div>\n","protected":false},"excerpt":{"rendered":"","protected":false},"author":1,"featured_media":0,"parent":0,"menu_order":1,"comment_status":"closed","ping_status":"closed","template":"","meta":{"footnotes":""},"class_list":["post-1940","page","type-page","status-publish","hentry"],"_links":{"self":[{"href":"http:\/\/parafiakonwikt.pl\/index.php?rest_route=\/wp\/v2\/pages\/1940","targetHints":{"allow":["GET"]}}],"collection":[{"href":"http:\/\/parafiakonwikt.pl\/index.php?rest_route=\/wp\/v2\/pages"}],"about":[{"href":"http:\/\/parafiakonwikt.pl\/index.php?rest_route=\/wp\/v2\/types\/page"}],"author":[{"embeddable":true,"href":"http:\/\/parafiakonwikt.pl\/index.php?rest_route=\/wp\/v2\/users\/1"}],"replies":[{"embeddable":true,"href":"http:\/\/parafiakonwikt.pl\/index.php?rest_route=%2Fwp%2Fv2%2Fcomments&post=1940"}],"version-history":[{"count":2,"href":"http:\/\/parafiakonwikt.pl\/index.php?rest_route=\/wp\/v2\/pages\/1940\/revisions"}],"predecessor-version":[{"id":1947,"href":"http:\/\/parafiakonwikt.pl\/index.php?rest_route=\/wp\/v2\/pages\/1940\/revisions\/1947"}],"wp:attachment":[{"href":"http:\/\/parafiakonwikt.pl\/index.php?rest_route=%2Fwp%2Fv2%2Fmedia&parent=1940"}],"curies":[{"name":"wp","href":"https:\/\/api.w.org\/{rel}","templated":true}]}}