{"id":159,"date":"2021-11-25T12:48:00","date_gmt":"2021-11-25T11:48:00","guid":{"rendered":"http:\/\/parafiakonwikt.pl\/?page_id=159"},"modified":"2021-11-25T13:45:14","modified_gmt":"2021-11-25T12:45:14","slug":"franciszkanski-zakon-swieckich","status":"publish","type":"page","link":"http:\/\/parafiakonwikt.pl\/?page_id=159","title":{"rendered":"Franciszka\u0144ski Zakon \u015awieckich"},"content":{"rendered":"\n<p>Franciszka\u0144ski Zakon \u015awieckich jest wsp\u00f3lnot\u0105 nale\u017c\u0105c\u0105 do Rodziny Franciszka\u0144skiej, kt\u00f3ra od momentu powstania w\u0142\u0105czona jest w Ko\u015bci\u00f3\u0142 Rzymsko-Katolicki. Pocz\u0105tki FZ\u015a si\u0119gaj\u0105 roku 1221, w kt\u00f3rym \u015bw. Franciszek z Asy\u017cu utworzy\u0142 zakon dla os\u00f3b \u015bwieckich (m\u0119\u017cczyzn i kobiet) \u017cyj\u0105cych w rodzinach lub samotnych oraz kap\u0142an\u00f3w diecezjalnych. FZ\u015a nosi\u0142 r\u00f3wnie\u017c nazw\u0119 III Zakonu \u015bw. Franciszka, obok I Zakonu (np. Zakon Braci Mniejszych) oraz II Zakonu (np. Siostry Klaryski).<\/p>\n\n\n\n<p>Ka\u017cda wsp\u00f3lnota jest pod opiek\u0105 asystenta duchowego z Pierwszego Zakonu Franciszka\u0144skiego. Je\u017celi trzeci zakon dzia\u0142a w parafii nie przy klasztorze franciszka\u0144skim, to asystencj\u0119 duchow\u0105 sprawuje kap\u0142an diecezjalny.<\/p>\n\n\n\n<p>W Polsce Franciszka\u0144ski Zakon \u015awieckich pojawi\u0142 si\u0119 w 1236 roku i obecnie liczy kilkana\u015bcie tysi\u0119cy cz\u0142onk\u00f3w, skupionych w ok. 600 wsp\u00f3lnotach. Patronk\u0105 FZ\u015a w Polsce jest b\u0142ogos\u0142awiona Aniela Salawa. Franciszkanie \u015bwieccy realizuj\u0105 swoje powo\u0142anie \u017cyj\u0105c wed\u0142ug Ewangelii Jezusa Chrystusa, na\u015bladuj\u0105c \u015bw. Franciszka z Asy\u017cu. Franciszka\u0144ski Zakon \u015awieckich przy naszej parafii wsp\u00f3\u0142dzia\u0142a z innymi wsp\u00f3lnotami F\u017b\u015a oraz grupami modlitewnymi tutejszej parafii.<\/p>\n\n\n\n<p>FZ\u015a przy naszej parafii ma swoj\u0105 <strong>Msz\u0119 \u015aw<\/strong>. , a tak\u017ce <strong>spotkanie braterskie<\/strong> w salce parafialnej, kt\u00f3re <strong>odbywa si\u0119 w ostatni\u0105 sobot\u0119 miesi\u0105ca po porannej Mszy \u015aw. <\/strong>Na spotkaniu tym czytane s\u0105 Pisma \u015bw. Franciszka, odmawiany jest r\u00f3\u017caniec, jak r\u00f3wnie\u017c odmawiane s\u0105 modlitwy z brewiarza, jest te\u017c czas rozmowy, og\u0142oszenia, sprawy organizacyjne.<\/p>\n\n\n\n<p>Przy okazji \u015bwi\u0105t i jubileuszy spotykamy si\u0119 na uroczystej agapie. Uczestniczymy w franciszka\u0144skich rekolekcjach i dniach skupienia.<\/p>\n","protected":false},"excerpt":{"rendered":"<p>Franciszka\u0144ski Zakon \u015awieckich jest wsp\u00f3lnot\u0105 nale\u017c\u0105c\u0105 do Rodziny Franciszka\u0144skiej, kt\u00f3ra od momentu powstania w\u0142\u0105czona jest w Ko\u015bci\u00f3\u0142 Rzymsko-Katolicki. Pocz\u0105tki FZ\u015a si\u0119gaj\u0105 roku 1221, w kt\u00f3rym \u015bw. Franciszek z Asy\u017cu utworzy\u0142 zakon dla os\u00f3b \u015bwieckich (m\u0119\u017cczyzn i kobiet) \u017cyj\u0105cych w rodzinach lub samotnych oraz kap\u0142an\u00f3w diecezjalnych. [&hellip;]<\/p>\n","protected":false},"author":1,"featured_media":0,"parent":0,"menu_order":0,"comment_status":"closed","ping_status":"closed","template":"","meta":{"footnotes":""},"class_list":["post-159","page","type-page","status-publish","hentry"],"_links":{"self":[{"href":"http:\/\/parafiakonwikt.pl\/index.php?rest_route=\/wp\/v2\/pages\/159","targetHints":{"allow":["GET"]}}],"collection":[{"href":"http:\/\/parafiakonwikt.pl\/index.php?rest_route=\/wp\/v2\/pages"}],"about":[{"href":"http:\/\/parafiakonwikt.pl\/index.php?rest_route=\/wp\/v2\/types\/page"}],"author":[{"embeddable":true,"href":"http:\/\/parafiakonwikt.pl\/index.php?rest_route=\/wp\/v2\/users\/1"}],"replies":[{"embeddable":true,"href":"http:\/\/parafiakonwikt.pl\/index.php?rest_route=%2Fwp%2Fv2%2Fcomments&post=159"}],"version-history":[{"count":2,"href":"http:\/\/parafiakonwikt.pl\/index.php?rest_route=\/wp\/v2\/pages\/159\/revisions"}],"predecessor-version":[{"id":260,"href":"http:\/\/parafiakonwikt.pl\/index.php?rest_route=\/wp\/v2\/pages\/159\/revisions\/260"}],"wp:attachment":[{"href":"http:\/\/parafiakonwikt.pl\/index.php?rest_route=%2Fwp%2Fv2%2Fmedia&parent=159"}],"curies":[{"name":"wp","href":"https:\/\/api.w.org\/{rel}","templated":true}]}}