{"id":156,"date":"2021-11-25T12:48:00","date_gmt":"2021-11-25T11:48:00","guid":{"rendered":"http:\/\/parafiakonwikt.pl\/?page_id=156"},"modified":"2021-11-25T13:31:10","modified_gmt":"2021-11-25T12:31:10","slug":"zywy-rozaniec","status":"publish","type":"page","link":"http:\/\/parafiakonwikt.pl\/?page_id=156","title":{"rendered":"\u017bywy r\u00f3\u017caniec"},"content":{"rendered":"\n<p>Stowarzyszenie \u017bywego R\u00f3\u017ca\u0144ca (tzw. R\u00f3\u017ce R\u00f3\u017ca\u0144cowe) zosta\u0142o za\u0142o\u017cone w 1826 roku przez Mari\u0119 Paulin\u0119 Jaricot (1799-1862) w Lyonie. Paulina zacz\u0119\u0142a organizowa\u0144 pi\u0119tnastoosobowe grupy, nazwane p\u00f3\u017aniej &#8220;\u017cywymi r\u00f3\u017cami&#8221;.<\/p>\n\n\n\n<p>Ka\u017cda z os\u00f3b tworz\u0105cych \u017cyw\u0105 R\u00f3\u017c\u0119 zobowi\u0105zywa\u0142a si\u0119 do odmawiania jednej tajemnicy, czyli wszyscy razem odmawiali codziennie ca\u0142y r\u00f3\u017caniec.<\/p>\n\n\n\n<p>Celem Stowarzyszenia by\u0142o wed\u0142ug za\u0142o\u017cycielki wspieranie modlitw\u0105, ofiar\u0105 duchow\u0105 i materialn\u0105 dzia\u0142a\u0144 misyjnych Ko\u015bcio\u0142a.&nbsp; Wa\u017cnym wydarzeniem dla istnienia i funkcjonowania Stowarzyszenia by\u0142o wprowadzenie przez Jana Paw\u0142a II 16 pa\u017adziernika 2002 roku nowej cz\u0119\u015bci R\u00f3\u017ca\u0144cowych tajemnic, tak zwanych tajemnic \u015bwiata, uwzgl\u0119dniaj\u0105cych lata publicznej dzia\u0142alno\u015bci Pana Jezusa. Odt\u0105d ca\u0142y r\u00f3\u017caniec liczy 20 tajemnic, czyli \u017cywe R\u00f3\u017ce sk\u0142adaj\u0105 si\u0119 z 20 os\u00f3b.<\/p>\n\n\n\n<p>R\u00f3\u017ce R\u00f3\u017ca\u0144cowe s\u0105 zorganizowan\u0105 wsp\u00f3lnot\u0105 os\u00f3b, kt\u00f3re modl\u0105 si\u0119 codziennie na r\u00f3\u017ca\u0144cu. Wsp\u00f3lnota t odpowiada kszta\u0142towi samej modlitwy r\u00f3\u017ca\u0144cowej, kt\u00f3ra polega na rozwa\u017caniu 20 tajemnic z \u017cycia Jezusa i Maryi przy jednoczesnym odmawianiu przy ka\u017cdej tajemnicy jednego &#8220;Ojcze nasz&#8221;, 10 &#8220;Zdrowa\u015b Mario&#8221; i jednego &#8220;Chwa\u0142a Ojcu&#8221;. Ka\u017cda &#8220;\u017bywa R\u00f3\u017ca&#8221; sk\u0142ada si\u0119 z 20 os\u00f3b, a ka\u017cda z nich odmawia codziennie przynajmniej jedn\u0105 tajemnice r\u00f3\u017ca\u0144ca.<\/p>\n\n\n\n<p>R\u00f3\u017ce R\u00f3\u017ca\u0144cowe przynosz\u0105 wiele korzy\u015bci duchowych tym wszystkim, kt\u00f3rzy do nich nale\u017c\u0105. Cz\u0142onkowie tej wsp\u00f3lnoty bior\u0105 udzia\u0142 w spos\u00f3b szczeg\u00f3lny w modlitwach i dobrych uczynkach tej duchowej rodziny.<\/p>\n\n\n\n<p>Cz\u0142onkowie R\u00f3\u017c R\u00f3\u017ca\u0144cowych maj\u0105 na celu za pomoc\u0105 wsp\u00f3lnej modlitwy dochowa\u0107 wierno\u015bci Bogu, wytrwa\u0107 w dobrym, broni\u0107 od z\u0142ego siebie i bliskich. Maj\u0105 obowi\u0105zek wielbi\u0107 i na\u015bladowa\u0107 Maryj\u0119 oraz w szczeg\u00f3lny spos\u00f3b powinni wystrzega\u0107 si\u0119 ci\u0119\u017ckich grzech\u00f3w. Cz\u0142onkowie R\u00f3\u017c R\u00f3\u017ca\u0144cowych korzystaj\u0105 z Mszy \u015awi\u0119tych i Nabo\u017ce\u0144stw odprawianych w ich intencjach, za \u017cywych i umar\u0142ych.<\/p>\n\n\n\n<p>W naszej parafii &#8220;R\u00f3\u017ce&#8221; <strong>spotykaj\u0105 si\u0119 codziennie na modlitwie r\u00f3\u017ca\u0144cowej przed porann\u0105 msz\u0105 \u015bwi\u0119t\u0105. <\/strong>Zebrania za\u015b zapowiadane sa w og\u0142oszeniach duszpasterskich i odbywaj\u0105 si\u0119 po niedzielnym popo\u0142udniowym nabo\u017ce\u0144stwie w salkach katechetycznych przy naszej parafii.<\/p>\n","protected":false},"excerpt":{"rendered":"<p>Stowarzyszenie \u017bywego R\u00f3\u017ca\u0144ca (tzw. R\u00f3\u017ce R\u00f3\u017ca\u0144cowe) zosta\u0142o za\u0142o\u017cone w 1826 roku przez Mari\u0119 Paulin\u0119 Jaricot (1799-1862) w Lyonie. Paulina zacz\u0119\u0142a organizowa\u0144 pi\u0119tnastoosobowe grupy, nazwane p\u00f3\u017aniej &#8220;\u017cywymi r\u00f3\u017cami&#8221;. Ka\u017cda z os\u00f3b tworz\u0105cych \u017cyw\u0105 R\u00f3\u017c\u0119 zobowi\u0105zywa\u0142a si\u0119 do odmawiania jednej tajemnicy, czyli wszyscy razem odmawiali codziennie ca\u0142y [&hellip;]<\/p>\n","protected":false},"author":1,"featured_media":0,"parent":0,"menu_order":0,"comment_status":"closed","ping_status":"closed","template":"","meta":{"footnotes":""},"class_list":["post-156","page","type-page","status-publish","hentry"],"_links":{"self":[{"href":"http:\/\/parafiakonwikt.pl\/index.php?rest_route=\/wp\/v2\/pages\/156","targetHints":{"allow":["GET"]}}],"collection":[{"href":"http:\/\/parafiakonwikt.pl\/index.php?rest_route=\/wp\/v2\/pages"}],"about":[{"href":"http:\/\/parafiakonwikt.pl\/index.php?rest_route=\/wp\/v2\/types\/page"}],"author":[{"embeddable":true,"href":"http:\/\/parafiakonwikt.pl\/index.php?rest_route=\/wp\/v2\/users\/1"}],"replies":[{"embeddable":true,"href":"http:\/\/parafiakonwikt.pl\/index.php?rest_route=%2Fwp%2Fv2%2Fcomments&post=156"}],"version-history":[{"count":2,"href":"http:\/\/parafiakonwikt.pl\/index.php?rest_route=\/wp\/v2\/pages\/156\/revisions"}],"predecessor-version":[{"id":249,"href":"http:\/\/parafiakonwikt.pl\/index.php?rest_route=\/wp\/v2\/pages\/156\/revisions\/249"}],"wp:attachment":[{"href":"http:\/\/parafiakonwikt.pl\/index.php?rest_route=%2Fwp%2Fv2%2Fmedia&parent=156"}],"curies":[{"name":"wp","href":"https:\/\/api.w.org\/{rel}","templated":true}]}}