{"id":155,"date":"2021-11-25T12:48:00","date_gmt":"2021-11-25T11:48:00","guid":{"rendered":"http:\/\/parafiakonwikt.pl\/?page_id=155"},"modified":"2021-11-25T13:32:07","modified_gmt":"2021-11-25T12:32:07","slug":"jerycho-rozancowe","status":"publish","type":"page","link":"http:\/\/parafiakonwikt.pl\/?page_id=155","title":{"rendered":"Jerycho r\u00f3\u017ca\u0144cowe"},"content":{"rendered":"\n<p>Jerycho R\u00f3\u017ca\u0144cowe to grupa os\u00f3b, kt\u00f3rej podstawowym zadaniem jest adoracja Naj\u015bwi\u0119tszego Sakramentu. Spotkania maj\u0105 miejsce w kaplicy przy naszej parafii w nast\u0119puj\u0105cych terminach:<\/p>\n\n\n\n<p>1. W ka\u017cde \u015bwi\u0119to po\u015bwi\u0119cone Naj\u015bwi\u0119tszej Maryi Pannie jest 24 &#8211; godzinna adoracja, rozpocz\u0119cie po mszy \u015bwi\u0119tej porannej ok. godz. 8:30, zako\u0144czenie przed msz\u0105 \u015bwi\u0119t\u0105 porann\u0105 dnia nast\u0119pnego.<\/p>\n\n\n\n<p>2. W ka\u017cd\u0105 pierwsz\u0105 sobot\u0119 miesi\u0105ca jest dziewi\u0119cioletnia nowenna z okazji zbli\u017caj\u0105cej si\u0119 100 rocznicy objawie\u0144 fatimskich (modlitwy wynagradzaj\u0105ce zniewagi Sercu Matki Bo\u017cej Niepokalanie Pocz\u0119tej).<br>Rozpocz\u0119cie po mszy \u015bwi\u0119tej porannej ok. godz. 8:30, zako\u0144czenie Koronk\u0105 do Mi\u0142osierdzia Bozego ok. godz. 15:30.<\/p>\n\n\n\n<p>Opiekun: ks. Dariusz Janowski&nbsp;<\/p>\n","protected":false},"excerpt":{"rendered":"<p>Jerycho R\u00f3\u017ca\u0144cowe to grupa os\u00f3b, kt\u00f3rej podstawowym zadaniem jest adoracja Naj\u015bwi\u0119tszego Sakramentu. Spotkania maj\u0105 miejsce w kaplicy przy naszej parafii w nast\u0119puj\u0105cych terminach: 1. W ka\u017cde \u015bwi\u0119to po\u015bwi\u0119cone Naj\u015bwi\u0119tszej Maryi Pannie jest 24 &#8211; godzinna adoracja, rozpocz\u0119cie po mszy \u015bwi\u0119tej porannej ok. godz. 8:30, zako\u0144czenie [&hellip;]<\/p>\n","protected":false},"author":1,"featured_media":0,"parent":0,"menu_order":0,"comment_status":"closed","ping_status":"closed","template":"","meta":{"footnotes":""},"class_list":["post-155","page","type-page","status-publish","hentry"],"_links":{"self":[{"href":"http:\/\/parafiakonwikt.pl\/index.php?rest_route=\/wp\/v2\/pages\/155","targetHints":{"allow":["GET"]}}],"collection":[{"href":"http:\/\/parafiakonwikt.pl\/index.php?rest_route=\/wp\/v2\/pages"}],"about":[{"href":"http:\/\/parafiakonwikt.pl\/index.php?rest_route=\/wp\/v2\/types\/page"}],"author":[{"embeddable":true,"href":"http:\/\/parafiakonwikt.pl\/index.php?rest_route=\/wp\/v2\/users\/1"}],"replies":[{"embeddable":true,"href":"http:\/\/parafiakonwikt.pl\/index.php?rest_route=%2Fwp%2Fv2%2Fcomments&post=155"}],"version-history":[{"count":2,"href":"http:\/\/parafiakonwikt.pl\/index.php?rest_route=\/wp\/v2\/pages\/155\/revisions"}],"predecessor-version":[{"id":250,"href":"http:\/\/parafiakonwikt.pl\/index.php?rest_route=\/wp\/v2\/pages\/155\/revisions\/250"}],"wp:attachment":[{"href":"http:\/\/parafiakonwikt.pl\/index.php?rest_route=%2Fwp%2Fv2%2Fmedia&parent=155"}],"curies":[{"name":"wp","href":"https:\/\/api.w.org\/{rel}","templated":true}]}}