{"id":154,"date":"2021-11-25T12:48:00","date_gmt":"2021-11-25T11:48:00","guid":{"rendered":"http:\/\/parafiakonwikt.pl\/?page_id=154"},"modified":"2021-11-25T13:06:19","modified_gmt":"2021-11-25T12:06:19","slug":"rada-parafialna","status":"publish","type":"page","link":"http:\/\/parafiakonwikt.pl\/?page_id=154","title":{"rendered":"Rada parafialna"},"content":{"rendered":"\n<p>Parafialna Rada Duszpasterska (PRD) jest organem doradczym ks. proboszcza, dzia\u0142aj\u0105cym na terenie danej parafii wynikaj\u0105cym z postanowienia Soboru Watyka\u0144skiego II. Celem PRD jest wspomaganie proboszcza jako jej przewodnicz\u0105cego w sprawach ca\u0142okszta\u0142tu \u017cycia parafialnego (Kodeks Prawa Kanonicznego, kan. 536 \u00a72), jego rozwoju, jak i formacji w\u0142asnej jako jednej ze wsp\u00f3lnot dzia\u0142aj\u0105cych na terenie danej parafii. Cz\u0142onk\u00f3w PRD po wyborach w ca\u0142ej parafii odbywaj\u0105cych si\u0119 co 5 lat, powo\u0142uje ks. proboszcz, kt\u00f3ry te\u017c zwo\u0142uje zebrania kilka razy w roku; wa\u017cniejsze ustalenia Rady s\u0105 podawane do wiadomo\u015bci ca\u0142ej wsp\u00f3lnocie parafialnej.<\/p>\n","protected":false},"excerpt":{"rendered":"<p>Parafialna Rada Duszpasterska (PRD) jest organem doradczym ks. proboszcza, dzia\u0142aj\u0105cym na terenie danej parafii wynikaj\u0105cym z postanowienia Soboru Watyka\u0144skiego II. Celem PRD jest wspomaganie proboszcza jako jej przewodnicz\u0105cego w sprawach ca\u0142okszta\u0142tu \u017cycia parafialnego (Kodeks Prawa Kanonicznego, kan. 536 \u00a72), jego rozwoju, jak i formacji w\u0142asnej [&hellip;]<\/p>\n","protected":false},"author":1,"featured_media":0,"parent":0,"menu_order":0,"comment_status":"closed","ping_status":"closed","template":"","meta":{"footnotes":""},"class_list":["post-154","page","type-page","status-publish","hentry"],"_links":{"self":[{"href":"http:\/\/parafiakonwikt.pl\/index.php?rest_route=\/wp\/v2\/pages\/154","targetHints":{"allow":["GET"]}}],"collection":[{"href":"http:\/\/parafiakonwikt.pl\/index.php?rest_route=\/wp\/v2\/pages"}],"about":[{"href":"http:\/\/parafiakonwikt.pl\/index.php?rest_route=\/wp\/v2\/types\/page"}],"author":[{"embeddable":true,"href":"http:\/\/parafiakonwikt.pl\/index.php?rest_route=\/wp\/v2\/users\/1"}],"replies":[{"embeddable":true,"href":"http:\/\/parafiakonwikt.pl\/index.php?rest_route=%2Fwp%2Fv2%2Fcomments&post=154"}],"version-history":[{"count":3,"href":"http:\/\/parafiakonwikt.pl\/index.php?rest_route=\/wp\/v2\/pages\/154\/revisions"}],"predecessor-version":[{"id":202,"href":"http:\/\/parafiakonwikt.pl\/index.php?rest_route=\/wp\/v2\/pages\/154\/revisions\/202"}],"wp:attachment":[{"href":"http:\/\/parafiakonwikt.pl\/index.php?rest_route=%2Fwp%2Fv2%2Fmedia&parent=154"}],"curies":[{"name":"wp","href":"https:\/\/api.w.org\/{rel}","templated":true}]}}