{"id":151,"date":"2021-11-25T12:48:00","date_gmt":"2021-11-25T11:48:00","guid":{"rendered":"http:\/\/parafiakonwikt.pl\/?page_id=151"},"modified":"2024-12-18T23:10:39","modified_gmt":"2024-12-18T22:10:39","slug":"dzieci-maryi","status":"publish","type":"page","link":"http:\/\/parafiakonwikt.pl\/?page_id=151","title":{"rendered":"Dzieci Maryi"},"content":{"rendered":"\n<p>Dzieci Maryi to grupa dziewcz\u0105t, kt\u00f3ra na cotygodniowych spotkaniach poznaje bli\u017cej Boga poprzez wsp\u00f3lna modlitw\u0119, zg\u0142\u0119bienie s\u0142\u00f3w Pisma \u015awi\u0119tego, a tak\u017ce \u015bpiew i zabaw\u0119. Mimo m\u0142odego wieku z ch\u0119ci\u0105 uczestnicz\u0105 w \u017cyciu parafii &#8211; w\u0142\u0105czaj\u0105 si\u0119 w nabo\u017ce\u0144stwa i akcje parafialne.&nbsp;<\/p>\n\n\n\n<p>Opiekun: ks. Dawid Pytlik<\/p>\n\n\n\n<figure class=\"wp-block-gallery has-nested-images columns-default is-cropped wp-block-gallery-1 is-layout-flex wp-block-gallery-is-layout-flex\">\n<figure class=\"wp-block-image size-large\"><img fetchpriority=\"high\" decoding=\"async\" width=\"1024\" height=\"682\" data-id=\"2139\" src=\"http:\/\/parafiakonwikt.pl\/wp-content\/uploads\/2024\/12\/1000077731-2-1024x682.jpg\" alt=\"\" class=\"wp-image-2139\" srcset=\"http:\/\/parafiakonwikt.pl\/wp-content\/uploads\/2024\/12\/1000077731-2-1024x682.jpg 1024w, http:\/\/parafiakonwikt.pl\/wp-content\/uploads\/2024\/12\/1000077731-2-300x200.jpg 300w, http:\/\/parafiakonwikt.pl\/wp-content\/uploads\/2024\/12\/1000077731-2-768x512.jpg 768w, http:\/\/parafiakonwikt.pl\/wp-content\/uploads\/2024\/12\/1000077731-2-1536x1023.jpg 1536w, http:\/\/parafiakonwikt.pl\/wp-content\/uploads\/2024\/12\/1000077731-2.jpg 1600w\" sizes=\"(max-width: 1024px) 100vw, 1024px\" \/><figcaption class=\"wp-element-caption\">Dzieci Maryi parafii Matki Bo\u017cej Kr\u00f3lowej Pokoju w Tarnowskich G\u00f3rach &#8211; grudzie\u0144 2024<\/figcaption><\/figure>\n<\/figure>\n","protected":false},"excerpt":{"rendered":"<p>Dzieci Maryi to grupa dziewcz\u0105t, kt\u00f3ra na cotygodniowych spotkaniach poznaje bli\u017cej Boga poprzez wsp\u00f3lna modlitw\u0119, zg\u0142\u0119bienie s\u0142\u00f3w Pisma \u015awi\u0119tego, a tak\u017ce \u015bpiew i zabaw\u0119. Mimo m\u0142odego wieku z ch\u0119ci\u0105 uczestnicz\u0105 w \u017cyciu parafii &#8211; w\u0142\u0105czaj\u0105 si\u0119 w nabo\u017ce\u0144stwa i akcje parafialne.&nbsp; Opiekun: ks. Dawid Pytlik<\/p>\n","protected":false},"author":1,"featured_media":0,"parent":0,"menu_order":0,"comment_status":"closed","ping_status":"closed","template":"","meta":{"footnotes":""},"class_list":["post-151","page","type-page","status-publish","hentry"],"_links":{"self":[{"href":"http:\/\/parafiakonwikt.pl\/index.php?rest_route=\/wp\/v2\/pages\/151","targetHints":{"allow":["GET"]}}],"collection":[{"href":"http:\/\/parafiakonwikt.pl\/index.php?rest_route=\/wp\/v2\/pages"}],"about":[{"href":"http:\/\/parafiakonwikt.pl\/index.php?rest_route=\/wp\/v2\/types\/page"}],"author":[{"embeddable":true,"href":"http:\/\/parafiakonwikt.pl\/index.php?rest_route=\/wp\/v2\/users\/1"}],"replies":[{"embeddable":true,"href":"http:\/\/parafiakonwikt.pl\/index.php?rest_route=%2Fwp%2Fv2%2Fcomments&post=151"}],"version-history":[{"count":4,"href":"http:\/\/parafiakonwikt.pl\/index.php?rest_route=\/wp\/v2\/pages\/151\/revisions"}],"predecessor-version":[{"id":2140,"href":"http:\/\/parafiakonwikt.pl\/index.php?rest_route=\/wp\/v2\/pages\/151\/revisions\/2140"}],"wp:attachment":[{"href":"http:\/\/parafiakonwikt.pl\/index.php?rest_route=%2Fwp%2Fv2%2Fmedia&parent=151"}],"curies":[{"name":"wp","href":"https:\/\/api.w.org\/{rel}","templated":true}]}}