{"id":150,"date":"2021-11-25T12:48:00","date_gmt":"2021-11-25T11:48:00","guid":{"rendered":"http:\/\/parafiakonwikt.pl\/?page_id=150"},"modified":"2024-11-25T20:58:46","modified_gmt":"2024-11-25T19:58:46","slug":"ministranci","status":"publish","type":"page","link":"http:\/\/parafiakonwikt.pl\/?page_id=150","title":{"rendered":"Ministranci"},"content":{"rendered":"\n<p>Liturgiczna S\u0142u\u017cba O\u0142tarza &#8211; potocznie zwana ministrantami &#8211; to niezwyk\u0142a wsp\u00f3lnota. Wsp\u00f3lnota ch\u0142opak\u00f3w i m\u0142odych m\u0119\u017cczyzn, kt\u00f3rzy gromadz\u0105 si\u0119 wok\u00f3\u0142 o\u0142tarza w imi\u0119 Jezusa, wyra\u017caj\u0105 ch\u0119\u0107 s\u0142u\u017cby Bogu i Ko\u015bcio\u0142owi. Daj\u0105 pi\u0119kne \u015bwiadectwo wiary, ale i po ludzku chc\u0105 pom\u00f3c kap\u0142anom w sprawowaniu Naj\u015bwi\u0119tszej Ofiary. W naszym ko\u015bciele r\u00f3wnie\u017c mamy ministrant\u00f3w! Jest nas oko\u0142o 30 w kt\u00f3rej sk\u0142ad wychodz\u0105 ch\u0142opcy, kt\u00f3rzy podejmuj\u0105 wiele r\u00f3\u017cnych funkcji. Od najm\u0142odszych kandydat\u00f3w, kt\u00f3rzy ucz\u0105 si\u0119 porusza\u0107 po prezbiterium, przez starszych, kt\u00f3rzy ju\u017c jako ministranci pomagaj\u0105 przy przygotowywaniu o\u0142tarza, procesji czy dzwonieniu dzwonkami podczas mszy, a\u017c do tych najstarszych, kt\u00f3rzy czytaj\u0105 lekcje, \u015bpiewaj\u0105 psalmy czy s\u0142u\u017c\u0105 z kadzielnic\u0105. U nas znajdzie si\u0119 miejsce dla ka\u017cdego, a z czasem wszystkiego si\u0119 nauczysz! Zapraszamy do szereg\u00f3w s\u0142u\u017cby Bogu!<\/p>\n\n\n\n<h2 class=\"wp-block-heading\">\u015awiadectwa Ministrant\u00f3w z naszej Parafii:<\/h2>\n\n\n\n<p>S\u0142u\u017c\u0119 od 2013 roku. Ju\u017c od czasu kiedy sko\u0144czy\u0142em 5 lat chcia\u0142em zosta\u0107 ministrantem. Ale dopiero gdy mia\u0142em 6,5 uda\u0142o mi si\u0119 przekona\u0107 \u00f3wczesnego ksi\u0119dza, aby mnie przyj\u0105\u0142. Aktualnie w parafii s\u0142u\u017c\u0119 jako lektor oraz psalmista. Bartek <\/p>\n\n\n\n<p>Cze\u015b\u0107 nazywam si\u0119 Oliwer. Jestem ministrantem od 4 lat, to stosunkowo ma\u0142o do mojego wieku, poniewa\u017c wst\u0105pi\u0142em w szeregi Liturgicznej S\u0142u\u017cby O\u0142tarza dopiero w gimnazjum. To wtedy zacz\u0105\u0142em \u015bwiadomie poznawa\u0107 Boga i Ko\u015bci\u00f3\u0142. Do\u015bwiadczenie Bo\u017cej mi\u0142o\u015bci obudzi\u0142o we mnie pragnienie, \u017ceby zrobi\u0107 co\u015b wi\u0119cej, bardziej si\u0119 zaanga\u017cowa\u0107 w \u017cycie Ko\u015bcio\u0142a. Pierwszym kamieniem milowym w moim \u017cyciu by\u0142o w\u0142a\u015bnie wst\u0105pienie do ministrant\u00f3w. Jestem wdzi\u0119czny Bogu, \u017ce odwa\u017cy\u0142em si\u0119 spr\u00f3bowa\u0107. To do\u015bwiadczenie pokaza\u0142o mi jak pi\u0119kn\u0105 wsp\u00f3lnot\u0105 jest Ko\u015bci\u00f3\u0142, jak pi\u0119kna jest Eucharystia i jak obfite mo\u017cna zebra\u0107 plony \u017cycia z Jezusem. Oczywi\u015bcie chc\u0119, aby moja s\u0142u\u017cba by\u0142a nieustannym rozwojem duchowym i intelektualnym oraz poznawaniem i uczeniem si\u0119 nowych umiej\u0119tno\u015bci. Posiadam funkcje ceremoniarza i tak\u0105 pe\u0142ni\u0119 rol\u0119 w ko\u015bciele parafialnym, ale w\u0142a\u015bciwie wykonuje wszystkie czynno\u015bci, w zale\u017cno\u015bci od potrzeby. S\u0142u\u017cba Bogu to dla mnie wielki dar, z kt\u00f3rego jestem dumny. Zapraszam wszystkich ch\u0142opc\u00f3w, a szczeg\u00f3lnie tych niezdecydowanych do s\u0142u\u017cby ministranckiej!<\/p>\n\n\n\n<figure class=\"wp-block-image size-full\"><img fetchpriority=\"high\" decoding=\"async\" width=\"1200\" height=\"800\" src=\"http:\/\/parafiakonwikt.pl\/wp-content\/uploads\/2023\/12\/IMG_2167-1.jpg\" alt=\"\" class=\"wp-image-1491\" srcset=\"http:\/\/parafiakonwikt.pl\/wp-content\/uploads\/2023\/12\/IMG_2167-1.jpg 1200w, http:\/\/parafiakonwikt.pl\/wp-content\/uploads\/2023\/12\/IMG_2167-1-300x200.jpg 300w, http:\/\/parafiakonwikt.pl\/wp-content\/uploads\/2023\/12\/IMG_2167-1-1024x683.jpg 1024w, http:\/\/parafiakonwikt.pl\/wp-content\/uploads\/2023\/12\/IMG_2167-1-768x512.jpg 768w\" sizes=\"(max-width: 1200px) 100vw, 1200px\" \/><figcaption class=\"wp-element-caption\">Ministranci Parafii Matki Bo\u017cej Kr\u00f3lowej Pokoju &#8211; listopad 2023r.<\/figcaption><\/figure>\n\n\n\n<div class=\"wp-block-media-text is-stacked-on-mobile\"><figure class=\"wp-block-media-text__media\"><img decoding=\"async\" width=\"1024\" height=\"683\" src=\"http:\/\/parafiakonwikt.pl\/wp-content\/uploads\/2024\/11\/1000074528-1-1024x683.jpg\" alt=\"\" class=\"wp-image-2100 size-full\" srcset=\"http:\/\/parafiakonwikt.pl\/wp-content\/uploads\/2024\/11\/1000074528-1-1024x683.jpg 1024w, http:\/\/parafiakonwikt.pl\/wp-content\/uploads\/2024\/11\/1000074528-1-300x200.jpg 300w, http:\/\/parafiakonwikt.pl\/wp-content\/uploads\/2024\/11\/1000074528-1-768x512.jpg 768w, http:\/\/parafiakonwikt.pl\/wp-content\/uploads\/2024\/11\/1000074528-1-1536x1024.jpg 1536w, http:\/\/parafiakonwikt.pl\/wp-content\/uploads\/2024\/11\/1000074528-1.jpg 1599w\" sizes=\"(max-width: 1024px) 100vw, 1024px\" \/><\/figure><div class=\"wp-block-media-text__content\">\n<p class=\"has-text-align-center\"><sub>Ministranci Parafii Matki Bo\u017cej Kr\u00f3lowej Pokoju &#8211; listopad 2024r.<\/sub><\/p>\n<\/div><\/div>\n\n\n\n<p><\/p>\n","protected":false},"excerpt":{"rendered":"<p>Liturgiczna S\u0142u\u017cba O\u0142tarza &#8211; potocznie zwana ministrantami &#8211; to niezwyk\u0142a wsp\u00f3lnota. Wsp\u00f3lnota ch\u0142opak\u00f3w i m\u0142odych m\u0119\u017cczyzn, kt\u00f3rzy gromadz\u0105 si\u0119 wok\u00f3\u0142 o\u0142tarza w imi\u0119 Jezusa, wyra\u017caj\u0105 ch\u0119\u0107 s\u0142u\u017cby Bogu i Ko\u015bcio\u0142owi. Daj\u0105 pi\u0119kne \u015bwiadectwo wiary, ale i po ludzku chc\u0105 pom\u00f3c kap\u0142anom w sprawowaniu Naj\u015bwi\u0119tszej Ofiary. [&hellip;]<\/p>\n","protected":false},"author":1,"featured_media":0,"parent":0,"menu_order":0,"comment_status":"closed","ping_status":"closed","template":"","meta":{"footnotes":""},"class_list":["post-150","page","type-page","status-publish","hentry"],"_links":{"self":[{"href":"http:\/\/parafiakonwikt.pl\/index.php?rest_route=\/wp\/v2\/pages\/150","targetHints":{"allow":["GET"]}}],"collection":[{"href":"http:\/\/parafiakonwikt.pl\/index.php?rest_route=\/wp\/v2\/pages"}],"about":[{"href":"http:\/\/parafiakonwikt.pl\/index.php?rest_route=\/wp\/v2\/types\/page"}],"author":[{"embeddable":true,"href":"http:\/\/parafiakonwikt.pl\/index.php?rest_route=\/wp\/v2\/users\/1"}],"replies":[{"embeddable":true,"href":"http:\/\/parafiakonwikt.pl\/index.php?rest_route=%2Fwp%2Fv2%2Fcomments&post=150"}],"version-history":[{"count":5,"href":"http:\/\/parafiakonwikt.pl\/index.php?rest_route=\/wp\/v2\/pages\/150\/revisions"}],"predecessor-version":[{"id":2101,"href":"http:\/\/parafiakonwikt.pl\/index.php?rest_route=\/wp\/v2\/pages\/150\/revisions\/2101"}],"wp:attachment":[{"href":"http:\/\/parafiakonwikt.pl\/index.php?rest_route=%2Fwp%2Fv2%2Fmedia&parent=150"}],"curies":[{"name":"wp","href":"https:\/\/api.w.org\/{rel}","templated":true}]}}