{"id":136,"date":"2021-11-25T12:30:34","date_gmt":"2021-11-25T11:30:34","guid":{"rendered":"http:\/\/parafiakonwikt.pl\/?page_id=136"},"modified":"2024-04-26T15:10:16","modified_gmt":"2024-04-26T13:10:16","slug":"organy","status":"publish","type":"page","link":"http:\/\/parafiakonwikt.pl\/?page_id=136","title":{"rendered":"Organy"},"content":{"rendered":"\n<p>Instrument zosta\u0142 wybudowany zosta\u0142 przez firm\u0119 organow\u0105 Kami\u0144skich z Warszawy w latach 2008-2009. Projekt ca\u0142ego instrumentu wykona\u0142 prof. Julian Gembalski z Katowickiej Akademii Muzycznej.<\/p>\n\n\n\n<p>Organy oddano do u\u017cytku 21 listopada 2009 roku.<\/p>\n\n\n\n<p>Traktura gry i rejestr\u00f3w jest mechaniczna, wiatrownice klapowo-zasuwowe, uk\u0142ad piszcza\u0142ek na wiatrownicach ca\u0142otonowy.<\/p>\n\n\n\n<p>W swej konstrukcji i warstwie brzmieniowej instrument wzorowany jest na rozwi\u0105zaniach epoki baroku p\u00f3\u0142nocnoniemieckiego. Organy posiadaj\u0105 w sumie 2315 piszcza\u0142ek dzielone na 4 szafy.<\/p>\n\n\n\n<p>St\u00f3\u0142 gry liczy 3 manua\u0142y i peda\u0142.<\/p>\n\n\n\n<p>Dmuchawa elektryczna firmy Valter Daminato (Masera di Padova, W\u0142ochy).&nbsp;St\u00f3\u0142 gry firmy Aug. Laukhuff GmbH &amp; Co. KG (Weikersheim, Niemcy).&nbsp;G\u0142osy j\u0119zykowe wykona\u0142a firma Roland Killinger GmbH (Freiberg am Neckar, Niemcy) a wykonawc\u0105 szafy organowej by\u0142 Zak\u0142ad stolarski Krystian Skop z Lubszy \u015al\u0105skiej.<\/p>\n\n\n\n<p>Skala manua\u0142\u00f3w: C-g<sup>3<\/sup>, skala peda\u0142u: C-f<sup>1<\/sup>.<\/p>\n\n\n\n<p>Dyspozycja Instrumentu<\/p>\n\n\n\n<figure class=\"wp-block-table\"><table><thead><tr><th>Manua\u0142 I<\/th><th>Manua\u0142 II<\/th><th>Manua\u0142 III<\/th><th>Peda\u0142<\/th><\/tr><tr><th>R\u00fcckpositiv&nbsp;<\/th><th>Hauptwerk&nbsp;<\/th><th>Oberwerk&nbsp;<\/th><th><\/th><\/tr><\/thead><tbody><tr><td>1. Bourdon 8&#8242;<\/td><td>1. Bourdon 16&#8242;<\/td><td>1. Gedakt 8&#8242;<\/td><td>1. Prinzipal 16&#8242;<\/td><\/tr><tr><td>2. Prinzipal 4&#8242;<\/td><td>2. Prinzipal 8&#8242;<\/td><td>2. Rohrfl\u00f6te 4&#8242;<\/td><td>2. Subbas 16&#8242;<\/td><\/tr><tr><td>3. Gedakt 4&#8242;<\/td><td>3. Rohrfl\u00f6te 8&#8242;<\/td><td>3. Schpitzfl\u00f6te 2&#8242;<\/td><td>3. Oktave 8&#8242;<\/td><\/tr><tr><td>4. Sesquialtera 2x<\/td><td>4. Gemshorn 8&#8242;<\/td><td>4. Kornett 5x<\/td><td>4. Fl\u00fcte 8&#8242;<\/td><\/tr><tr><td>5. Oktave 2&#8242;<\/td><td>5. Oktave 4&#8242;<\/td><td>5. Vox humane 8&#8242;<\/td><td>5. Choral 4&#8242;<\/td><\/tr><tr><td>6. Kwinta 1 1\/3&#8242;<\/td><td>6. Kwinta 2 2\/3&#8242;<\/td><td><\/td><td>6. Mixture 3x<\/td><\/tr><tr><td>7. Scharf 3-4x<\/td><td>7. Oktave 2&#8242;<\/td><td><\/td><td>7. Fagot 16&#8242;<\/td><\/tr><tr><td>8. Krumhorn 8&#8242;<\/td><td>8. Mixture 4-5x<\/td><td><\/td><td>8. Trompete 8&#8242;<\/td><\/tr><tr><td><\/td><td>9. Kornett 5x<\/td><td><\/td><td><\/td><\/tr><tr><td><\/td><td>10. Trompete 8&#8242;<\/td><td><\/td><td><\/td><\/tr><\/tbody><\/table><\/figure>\n\n\n\n<figure class=\"wp-block-image size-large\"><img fetchpriority=\"high\" decoding=\"async\" width=\"1024\" height=\"724\" src=\"http:\/\/parafiakonwikt.pl\/wp-content\/uploads\/2021\/09\/Archiwum539mp-1024x724.jpg\" alt=\"\" class=\"wp-image-106\" srcset=\"http:\/\/parafiakonwikt.pl\/wp-content\/uploads\/2021\/09\/Archiwum539mp-1024x724.jpg 1024w, http:\/\/parafiakonwikt.pl\/wp-content\/uploads\/2021\/09\/Archiwum539mp-300x212.jpg 300w, http:\/\/parafiakonwikt.pl\/wp-content\/uploads\/2021\/09\/Archiwum539mp-768x543.jpg 768w, http:\/\/parafiakonwikt.pl\/wp-content\/uploads\/2021\/09\/Archiwum539mp-1536x1086.jpg 1536w, http:\/\/parafiakonwikt.pl\/wp-content\/uploads\/2021\/09\/Archiwum539mp-2048x1448.jpg 2048w\" sizes=\"(max-width: 1024px) 100vw, 1024px\" \/><\/figure>\n\n\n\n<figure class=\"wp-block-image size-large\"><a href=\"https:\/\/koncertywkonwikcie.tarnowskiegory.pl\/koncerty\"><img decoding=\"async\" width=\"1024\" height=\"525\" src=\"http:\/\/parafiakonwikt.pl\/wp-content\/uploads\/2024\/04\/aaaaa-1-1024x525.jpg\" alt=\"\" class=\"wp-image-1740\" srcset=\"http:\/\/parafiakonwikt.pl\/wp-content\/uploads\/2024\/04\/aaaaa-1-1024x525.jpg 1024w, http:\/\/parafiakonwikt.pl\/wp-content\/uploads\/2024\/04\/aaaaa-1-300x154.jpg 300w, http:\/\/parafiakonwikt.pl\/wp-content\/uploads\/2024\/04\/aaaaa-1-768x394.jpg 768w, http:\/\/parafiakonwikt.pl\/wp-content\/uploads\/2024\/04\/aaaaa-1.jpg 1182w\" sizes=\"(max-width: 1024px) 100vw, 1024px\" \/><\/a><\/figure>\n\n\n\n<p><a href=\"https:\/\/koncertywkonwikcie.tarnowskiegory.pl\/koncerty\">https:\/\/koncertywkonwikcie.tarnowskiegory.pl\/koncerty<\/a><\/p>\n\n\n\n<p>Nagranie naszych organ\u00f3w:<\/p>\n\n\n\n<figure class=\"wp-block-embed is-type-video is-provider-youtube wp-block-embed-youtube wp-embed-aspect-16-9 wp-has-aspect-ratio\"><div class=\"wp-block-embed__wrapper\">\n<iframe title=\"Tarnog\u00f3rskie Koncerty Organowe w Konwikcie 2021: koncert 1 - Daniel Strz\u0105da\u0142a\" width=\"790\" height=\"444\" src=\"https:\/\/www.youtube.com\/embed\/uH_XDUh56Dw?feature=oembed\" frameborder=\"0\" allow=\"accelerometer; autoplay; clipboard-write; encrypted-media; gyroscope; picture-in-picture; web-share\" referrerpolicy=\"strict-origin-when-cross-origin\" allowfullscreen><\/iframe>\n<\/div><\/figure>\n\n\n\n<figure class=\"wp-block-embed is-type-video is-provider-youtube wp-block-embed-youtube wp-embed-aspect-16-9 wp-has-aspect-ratio\"><div class=\"wp-block-embed__wrapper\">\n<iframe title=\"Tarnog\u00f3rskie Koncerty Organowe w Konwikcie 2021 - koncert 2\" width=\"790\" height=\"444\" src=\"https:\/\/www.youtube.com\/embed\/mMn55TLHFpM?feature=oembed\" frameborder=\"0\" allow=\"accelerometer; autoplay; clipboard-write; encrypted-media; gyroscope; picture-in-picture; web-share\" referrerpolicy=\"strict-origin-when-cross-origin\" allowfullscreen><\/iframe>\n<\/div><\/figure>\n\n\n\n<figure class=\"wp-block-embed is-type-video is-provider-youtube wp-block-embed-youtube wp-embed-aspect-16-9 wp-has-aspect-ratio\"><div class=\"wp-block-embed__wrapper\">\n<iframe title=\"Tarnog\u00f3rskie Koncerty Organowe w Konwikcie 2021 - koncert 3\" width=\"790\" height=\"444\" src=\"https:\/\/www.youtube.com\/embed\/1PCJP_4QcOM?feature=oembed\" frameborder=\"0\" allow=\"accelerometer; autoplay; clipboard-write; encrypted-media; gyroscope; picture-in-picture; web-share\" referrerpolicy=\"strict-origin-when-cross-origin\" allowfullscreen><\/iframe>\n<\/div><\/figure>\n\n\n\n<figure class=\"wp-block-embed is-type-video is-provider-youtube wp-block-embed-youtube wp-embed-aspect-16-9 wp-has-aspect-ratio\"><div class=\"wp-block-embed__wrapper\">\n<iframe title=\"Koncerty Organowe w Konwikcie 2021 online - koncert 4\" width=\"790\" height=\"444\" src=\"https:\/\/www.youtube.com\/embed\/r3PDHOxms00?feature=oembed\" frameborder=\"0\" allow=\"accelerometer; autoplay; clipboard-write; encrypted-media; gyroscope; picture-in-picture; web-share\" referrerpolicy=\"strict-origin-when-cross-origin\" allowfullscreen><\/iframe>\n<\/div><\/figure>\n\n\n\n<figure class=\"wp-block-embed is-type-video is-provider-youtube wp-block-embed-youtube wp-embed-aspect-16-9 wp-has-aspect-ratio\"><div class=\"wp-block-embed__wrapper\">\n<iframe title=\"Koncert organowy prof. J\u00f3zefa Serafina w tarnog\u00f3rskim konwikcie, 7 kwietnia 2013\" width=\"790\" height=\"444\" src=\"https:\/\/www.youtube.com\/embed\/dppZkz055JE?feature=oembed\" frameborder=\"0\" allow=\"accelerometer; autoplay; clipboard-write; encrypted-media; gyroscope; picture-in-picture; web-share\" referrerpolicy=\"strict-origin-when-cross-origin\" allowfullscreen><\/iframe>\n<\/div><\/figure>\n\n\n\n<figure class=\"wp-block-embed is-type-video is-provider-youtube wp-block-embed-youtube wp-embed-aspect-16-9 wp-has-aspect-ratio\"><div class=\"wp-block-embed__wrapper\">\n<iframe title=\"Improwizacja organowa\" width=\"790\" height=\"444\" src=\"https:\/\/www.youtube.com\/embed\/eC6evSSN2CY?feature=oembed\" frameborder=\"0\" allow=\"accelerometer; autoplay; clipboard-write; encrypted-media; gyroscope; picture-in-picture; web-share\" referrerpolicy=\"strict-origin-when-cross-origin\" allowfullscreen><\/iframe>\n<\/div><\/figure>\n","protected":false},"excerpt":{"rendered":"<p>Instrument zosta\u0142 wybudowany zosta\u0142 przez firm\u0119 organow\u0105 Kami\u0144skich z Warszawy w latach 2008-2009. Projekt ca\u0142ego instrumentu wykona\u0142 prof. Julian Gembalski z Katowickiej Akademii Muzycznej. Organy oddano do u\u017cytku 21 listopada 2009 roku. Traktura gry i rejestr\u00f3w jest mechaniczna, wiatrownice klapowo-zasuwowe, uk\u0142ad piszcza\u0142ek na wiatrownicach ca\u0142otonowy. [&hellip;]<\/p>\n","protected":false},"author":1,"featured_media":0,"parent":0,"menu_order":0,"comment_status":"closed","ping_status":"closed","template":"","meta":{"footnotes":""},"class_list":["post-136","page","type-page","status-publish","hentry"],"_links":{"self":[{"href":"http:\/\/parafiakonwikt.pl\/index.php?rest_route=\/wp\/v2\/pages\/136","targetHints":{"allow":["GET"]}}],"collection":[{"href":"http:\/\/parafiakonwikt.pl\/index.php?rest_route=\/wp\/v2\/pages"}],"about":[{"href":"http:\/\/parafiakonwikt.pl\/index.php?rest_route=\/wp\/v2\/types\/page"}],"author":[{"embeddable":true,"href":"http:\/\/parafiakonwikt.pl\/index.php?rest_route=\/wp\/v2\/users\/1"}],"replies":[{"embeddable":true,"href":"http:\/\/parafiakonwikt.pl\/index.php?rest_route=%2Fwp%2Fv2%2Fcomments&post=136"}],"version-history":[{"count":9,"href":"http:\/\/parafiakonwikt.pl\/index.php?rest_route=\/wp\/v2\/pages\/136\/revisions"}],"predecessor-version":[{"id":1745,"href":"http:\/\/parafiakonwikt.pl\/index.php?rest_route=\/wp\/v2\/pages\/136\/revisions\/1745"}],"wp:attachment":[{"href":"http:\/\/parafiakonwikt.pl\/index.php?rest_route=%2Fwp%2Fv2%2Fmedia&parent=136"}],"curies":[{"name":"wp","href":"https:\/\/api.w.org\/{rel}","templated":true}]}}