{"id":132,"date":"2021-11-25T12:29:27","date_gmt":"2021-11-25T11:29:27","guid":{"rendered":"http:\/\/parafiakonwikt.pl\/?page_id=132"},"modified":"2021-11-25T13:25:39","modified_gmt":"2021-11-25T12:25:39","slug":"historia","status":"publish","type":"page","link":"http:\/\/parafiakonwikt.pl\/?page_id=132","title":{"rendered":"Historia"},"content":{"rendered":"\n<p>Pocz\u0105tki miasta zwi\u0105zane s\u0105 z rozwojem g\u00f3rnictwa rud kruszcowych pod koniec XV wieku. W 1526 roku ksi\u0105\u017c\u0119 opolsko-raciborski Jan II Dobry oraz margrabia Jerzy von Ansbach nadali &#8220;G\u00f3rom Tarnowskim&#8221; przywilej wspieraj\u0105cy g\u00f3rnictwo, tj. &#8220;akt wolno\u015bci g\u00f3rniczej&#8221; oraz prawa miejskie. Pierwszymi ko\u015bcio\u0142ami by\u0142y \u015bwi\u0105tynie \u015bwi\u0119tych Piotra i Paw\u0142a oraz \u015bwi\u0119tej Anny. Nieco na zach\u00f3d od nich wybudowano w 1890 roku ceglany budynek nadle\u015bnictwa, kt\u00f3ry po I wojnie \u015bwiatowej pe\u0142ni\u0142 funkcj\u0119 sieroci\u0144ca. W 1923 roku budynek zakupi\u0142 proboszcz parafii \u015bw. Piotra i Paw\u0142a, ks. Micha\u0142 Lewek z przeznaczeniem na burs\u0119 dla ch\u0142opc\u00f3w ucz\u0105cych si\u0119 w tarnog\u00f3rskich szko\u0142ach. W 1928 roku dobudowano kaplic\u0119 i pomieszczenia sypialne. W ten spos\u00f3b powsta\u0142 tzw.<strong> &#8220;tarnog\u00f3rski konwikt&#8221;<\/strong>. Kaplic\u0119 po\u015bwi\u0119ci\u0142 ks. bp Arkadiusz Lisiecki w 1930 roku. Po II wojnie \u015bwiatowej w budynku mie\u015bci\u0142a si\u0119 filia katowickiego gimnazjum im. \u015bw. Jacka, za\u015b w latach 1955-1962 siedziba dla kursu wst\u0119pnego seminarzyst\u00f3w \u015al\u0105skiego Wy\u017cszego Seminarium Duchownego w Krakowie. 5 X 1962 roku powo\u0142ano przy kaplicy nowy rejon duszpasterski wydzielony z parafii \u015bw. Piotra i Paw\u0142a. Ksi\u0119gi parafialne zaprowadzono w 1966 roku. 23 IV 1978 roku erygowano parafi\u0119 p.w. Matki Bo\u017cej Kr\u00f3lowej Pokoju. Parafia liczy obecnie 7700 wiernych.<\/p>\n\n\n\n<p>Obecny ko\u015bci\u00f3\u0142 parafialny zbudowano w latach 1991-1999. Jego projektantami s\u0105 J\u00f3zef Sage z Tarnowskich G\u00f3r i Jan Spyra z Katowic. Pracami przy budowie kierowa\u0142 Henryk Jarmu\u0142 przy wsparciu ks. prob. Jana Frysza. Kamie\u0144 w\u0119gielny wmurowano 17 V 1997 roku. Od tego te\u017c dnia w ko\u015bciele sprawowana jest ka\u017cdego dnia Msza \u015bwi\u0119ta. Po\u015bwi\u0119cenia ko\u015bcio\u0142a dokona\u0142 biskup gliwicki Jan Wieczorek 27 XI 1999 roku. Wszystkie prace zwi\u0105zane z wystrojem wn\u0119trza zako\u0144czono w 2004 roku. Ko\u015bci\u00f3\u0142 jednonawowy \u2013 zaliczaj\u0105cy si\u0119 do wsp\u00f3\u0142czesnego funkcjonalizmu (tzn. konstrukcja s\u0142u\u017c\u0105ca funkcji) \u2013 zbudowano na planie kwadratu o d\u0142ugo\u015bci boku 17 metr\u00f3w. Kraw\u0119dzie kwadratu \u015bci\u0119te dwunastometrowymi \u015bcianami z osadzonymi we\u0144 wej\u015bciach. Bry\u0142a ko\u015bcio\u0142a nakryta dwuspadkowym betonowym dachem mocno osadzonym w konstrukcj\u0119 \u015bcian, tworz\u0105ca namiotowy kszta\u0142t od wysoko\u015bci 9 metr\u00f3w w najni\u017cszym miejscu nawy do wysoko\u015bci 17 metr\u00f3w. Wygl\u0105d wewn\u0119trzny dachu imituje du\u017ce kasetony. Dach kryty blach\u0105 miedzian\u0105. W jego szczycie lokarna wpuszczaj\u0105ca \u015bwiat\u0142o do wn\u0119trza. \u015aciany wzniesione z ceg\u0142y klinkierowej, pozostawione w swojej surowo\u015bci r\u00f3wnie\u017c we wn\u0119trzu \u015bwi\u0105tyni. W szczycie \u015bciany wkomponowana dzwonnica z trzema dzwonami: Maryja Kr\u00f3lowa Pokoju, \u015bw. Franciszek i \u015bw. J\u00f3zef. Na jej szczycie trzymetrowy krzy\u017c. Wysoko\u015b\u0107 ko\u015bcio\u0142a od podstawy do szczytu krzy\u017ca wynosi 26 metr\u00f3w. Ko\u015bci\u00f3\u0142 posiada 420 miejsc siedz\u0105cych i prawie 1000 miejsc stoj\u0105cych.<\/p>\n","protected":false},"excerpt":{"rendered":"<p>Pocz\u0105tki miasta zwi\u0105zane s\u0105 z rozwojem g\u00f3rnictwa rud kruszcowych pod koniec XV wieku. W 1526 roku ksi\u0105\u017c\u0119 opolsko-raciborski Jan II Dobry oraz margrabia Jerzy von Ansbach nadali &#8220;G\u00f3rom Tarnowskim&#8221; przywilej wspieraj\u0105cy g\u00f3rnictwo, tj. &#8220;akt wolno\u015bci g\u00f3rniczej&#8221; oraz prawa miejskie. Pierwszymi ko\u015bcio\u0142ami by\u0142y \u015bwi\u0105tynie \u015bwi\u0119tych Piotra [&hellip;]<\/p>\n","protected":false},"author":1,"featured_media":0,"parent":0,"menu_order":0,"comment_status":"closed","ping_status":"closed","template":"","meta":{"footnotes":""},"class_list":["post-132","page","type-page","status-publish","hentry"],"_links":{"self":[{"href":"http:\/\/parafiakonwikt.pl\/index.php?rest_route=\/wp\/v2\/pages\/132","targetHints":{"allow":["GET"]}}],"collection":[{"href":"http:\/\/parafiakonwikt.pl\/index.php?rest_route=\/wp\/v2\/pages"}],"about":[{"href":"http:\/\/parafiakonwikt.pl\/index.php?rest_route=\/wp\/v2\/types\/page"}],"author":[{"embeddable":true,"href":"http:\/\/parafiakonwikt.pl\/index.php?rest_route=\/wp\/v2\/users\/1"}],"replies":[{"embeddable":true,"href":"http:\/\/parafiakonwikt.pl\/index.php?rest_route=%2Fwp%2Fv2%2Fcomments&post=132"}],"version-history":[{"count":2,"href":"http:\/\/parafiakonwikt.pl\/index.php?rest_route=\/wp\/v2\/pages\/132\/revisions"}],"predecessor-version":[{"id":239,"href":"http:\/\/parafiakonwikt.pl\/index.php?rest_route=\/wp\/v2\/pages\/132\/revisions\/239"}],"wp:attachment":[{"href":"http:\/\/parafiakonwikt.pl\/index.php?rest_route=%2Fwp%2Fv2%2Fmedia&parent=132"}],"curies":[{"name":"wp","href":"https:\/\/api.w.org\/{rel}","templated":true}]}}